{"id":1375,"date":"2022-01-13T09:46:02","date_gmt":"2022-01-13T08:46:02","guid":{"rendered":"https:\/\/casaselsuspiro.com\/?page_id=1375"},"modified":"2022-01-14T09:59:53","modified_gmt":"2022-01-14T08:59:53","slug":"aviso-legal","status":"publish","type":"page","link":"https:\/\/casaselsuspiro.com\/?page_id=1375","title":{"rendered":"Aviso Legal"},"content":{"rendered":"\t\t<div data-elementor-type=\"wp-page\" data-elementor-id=\"1375\" class=\"elementor elementor-1375\">\n\t\t\t\t\t\t<section class=\"elementor-section elementor-top-section elementor-element elementor-element-3cc63e8a elementor-section-boxed elementor-section-height-default elementor-section-height-default\" data-id=\"3cc63e8a\" data-element_type=\"section\">\n\t\t\t\t\t\t<div class=\"elementor-container elementor-column-gap-default\">\n\t\t\t\t\t<div class=\"elementor-column elementor-col-100 elementor-top-column elementor-element elementor-element-6892ca20\" data-id=\"6892ca20\" data-element_type=\"column\">\n\t\t\t<div class=\"elementor-widget-wrap elementor-element-populated\">\n\t\t\t\t\t\t<div class=\"elementor-element elementor-element-53bfc88d elementor-widget elementor-widget-text-editor\" data-id=\"53bfc88d\" data-element_type=\"widget\" data-widget_type=\"text-editor.default\">\n\t\t\t\t<div class=\"elementor-widget-container\">\n\t\t\t\t\t\t\t\t\t<h3 id=\"11\">&nbsp;Informaci\u00f3n legal y aceptaci\u00f3n<\/h3>\n<p>En cumplimiento del art\u00edculo&nbsp;<strong>10 de la Ley 34\/2002<\/strong>, de 11 de julio, de Servicios de la Sociedad de la Informaci\u00f3n y Comercio Electr\u00f3nico, a continuaci\u00f3n se exponen los datos identificativos de la empresa. El presente portal de internet se pone al servicio de los usuarios por la entidad, cuyos datos identificativos son<\/p>\n<figure class=\"wp-block-table\">\n<table>\n<tbody>\n<tr>\n<td>Denominaci\u00f3n Social:<\/td>\n<td>&nbsp;<\/td>\n<\/tr>\n<tr>\n<td>C.I.F.:<\/td>\n<td>&nbsp;<\/td>\n<\/tr>\n<tr>\n<td>Domicilio Social:<\/td>\n<td>&nbsp;<\/td>\n<\/tr>\n<tr>\n<td>Tel\u00e9fono<\/td>\n<td>&nbsp;<\/td>\n<\/tr>\n<tr>\n<td>Email:<\/td>\n<td>&nbsp;<\/td>\n<\/tr>\n<tr>\n<td>Datos registrales:<\/td>\n<td>&nbsp;<\/td>\n<\/tr>\n<\/tbody>\n<\/table>\n<\/figure>\n<p>El presente aviso legal recoge las condiciones generales que rigen el acceso y el uso de este sitio web, en adelante \u201cel sitio web\u201d. El uso del sitio web implica la expresa y plena aceptaci\u00f3n de estas condiciones generales en la versi\u00f3n publicada en el momento en que el usuario acceda al mismo, sin perjuicio de las condiciones particulares que pudieran aplicarse a algunos de los servicios concretos del sitio web.<\/p>\n<p>El acceso a la p\u00e1gina web es gratuito salvo en lo relativo al coste de la conexi\u00f3n a trav\u00e9s de la red de telecomunicaciones suministrada por el proveedor de acceso contratado por los usuarios. Determinados servicios son exclusivos para nuestros clientes y su acceso se encuentra restringido.<\/p>\n<p>La utilizaci\u00f3n del Portal atribuye la condici\u00f3n de usuario del Portal (en adelante, el \u2018Usuario\u2019) e implica la aceptaci\u00f3n de todas las condiciones incluidas en este Aviso Legal. La prestaci\u00f3n del servicio del Portal tiene una duraci\u00f3n limitada al momento en el que el Usuario se encuentre conectado al Portal o a alguno de los servicios que a trav\u00e9s del mismo se facilitan. Por tanto, el Usuario debe leer atentamente el presente Aviso Legal en cada una de las ocasiones en que se proponga utilizar el Portal, ya que \u00e9ste y sus condiciones de uso recogidas en el presente Aviso Legal pueden sufrir modificaciones.<\/p>\n<p>Algunos servicios del Portal accesibles para los usuarios de Internet o exclusivos para los clientes de&nbsp;<strong>Asociaci\u00f3n de Casas Rurales de C\u00e1diz<\/strong>, pueden estar sometidos a condiciones particulares, reglamentos e instrucciones que, en su caso, sustituyen, completan y\/o modifican el presente Aviso Legal y que deber\u00e1n ser aceptadas por el Usuario antes de iniciarse la prestaci\u00f3n del servicio correspondiente.<\/p>\n<h3 id=\"12\">Propiedad intelectual e industrial<\/h3>\n<p>Este sitio web y los contenidos que alberga se encuentran protegidos por la legislaci\u00f3n vigente en materia de propiedad intelectual.<\/p>\n<p><strong>Asociaci\u00f3n de Casas Rurales de C\u00e1diz<\/strong>&nbsp;es titular o licenciatario de todos los derechos de propiedad intelectual e industrial de su web, as\u00ed como de los elementos contenidos en la misma. Por ello, queda expresamente prohibida la reproducci\u00f3n, distribuci\u00f3n, comunicaci\u00f3n p\u00fablica y transformaci\u00f3n de la totalidad o parte de los contenidos de esta web, con fines comerciales, en cualquier soporte y por cualquier medio t\u00e9cnico, sin la autorizaci\u00f3n de T\u00e9rminos y Condiciones.<\/p>\n<p>Las marcas, nombres comerciales o signos distintivos son titularidad de&nbsp;<strong>Asociaci\u00f3n de Casas Rurales de C\u00e1diz<\/strong>&nbsp;ya sea por propiedad industrial o intelectual, sin que pueda entenderse que el acceso al Portal atribuya ning\u00fan derecho sobre las citadas marcas, nombres comerciales y\/o signos distintivos.<\/p>\n<p>Todos los productos y servicios de estas p\u00e1ginas que NO son propiedad de&nbsp;<strong>Asociaci\u00f3n de Casas Rurales de C\u00e1diz<\/strong>&nbsp;son marcas registradas de sus respectivos propietarios y son reconocidas como tales por nuestra empresa. Solamente aparecen en la web de&nbsp;<strong>Asociaci\u00f3n de Casas Rurales de C\u00e1diz&nbsp;<\/strong>a efectos de promoci\u00f3n y de recopilaci\u00f3n de informaci\u00f3n. Estos propietarios pueden solicitar la modificaci\u00f3n o eliminaci\u00f3n de la informaci\u00f3n que les pertenece.<\/p>\n<h3 id=\"13\">Condiciones de uso del portal<\/h3>\n<h4 id=\"131\">&nbsp; &nbsp; &nbsp; &nbsp; &nbsp; &nbsp;General<\/h4>\n<p>El Usuario se obliga a hacer un uso correcto del Portal de conformidad con la Ley y el presente Aviso Legal. El Usuario responder\u00e1 frente a&nbsp;<strong>Asociaci\u00f3n de Casas Rurales de C\u00e1diz<\/strong>&nbsp;o frente a terceros, de cualesquiera da\u00f1os y perjuicios que pudieran causarse como consecuencia del incumplimiento de dicha obligaci\u00f3n.<\/p>\n<p>Queda expresamente prohibido el uso del Portal con fines lesivos de bienes o intereses de&nbsp;&nbsp;<strong>Asociaci\u00f3n de Casas Rurales de C\u00e1diz<\/strong>&nbsp;o de terceros o que de cualquier otra forma sobrecarguen, da\u00f1en o inutilicen las redes, servidores y dem\u00e1s equipos inform\u00e1ticos (hardware) o productos y aplicaciones inform\u00e1ticas (software) de&nbsp;<strong>Asociaci\u00f3n de Casas Rurales de C\u00e1diz<\/strong>&nbsp;o de terceros.<\/p>\n<h4 id=\"132\">&nbsp; &nbsp; &nbsp; &nbsp; &nbsp; &nbsp;Contenidos<\/h4>\n<p>El Usuario se compromete a utilizar los Contenidos de conformidad con la Ley y el presente Aviso Legal, as\u00ed como con las dem\u00e1s condiciones, reglamentos e instrucciones que en su caso pudieran ser de aplicaci\u00f3n de conformidad con lo dispuesto en la cl\u00e1usula 1.<\/p>\n<p>Con car\u00e1cter meramente enunciativo, el Usuario de acuerdo con la legislaci\u00f3n vigente deber\u00e1 abstenerse de:<\/p>\n<ul>\n<li>Reproducir, copiar, distribuir, poner a disposici\u00f3n, comunicar p\u00fablicamente, transformar o modificar los Contenidos salvo en los casos autorizados en la ley o expresamente consentidos por&nbsp;<strong>Asociaci\u00f3n de Casas Rurales de C\u00e1diz<\/strong>&nbsp;o por quien ostente la titularidad de los derechos de explotaci\u00f3n en su caso.<\/li>\n<li><strong>Reproducir o copiar&nbsp;<\/strong>para uso privado los Contenidos que puedan ser considerados como Software o Base de Datos de conformidad con la legislaci\u00f3n vigente en materia de propiedad intelectual, as\u00ed como su comunicaci\u00f3n p\u00fablica o puesta a disposici\u00f3n de terceros cuando estos actos impliquen necesariamente la reproducci\u00f3n por parte del Usuario o de un tercero.<\/li>\n<li>Extraer y\/o reutilizar la totalidad o una parte sustancial de los Contenidos integrantes del Portal as\u00ed como de las bases de datos que&nbsp;<strong>Asociaci\u00f3n de Casas Rurales de C\u00e1diz<\/strong>&nbsp;ponga a disposici\u00f3n de los Usuarios.<\/li>\n<li><strong>Comentarios<\/strong>: Cuando los visitantes dejan comentarios en la web, recopilamos los datos que se muestran en el formulario de comentarios, as\u00ed como la direcci\u00f3n IP del visitante y la cadena de agentes de usuario del navegador para ayudar a la detecci\u00f3n de spam.<\/li>\n<\/ul>\n<p>Una cadena an\u00f3nima creada a partir de tu direcci\u00f3n de correo electr\u00f3nico (tambi\u00e9n llamada hash) puede ser proporcionada al servicio de Gravatar para ver si la est\u00e1s usando. La pol\u00edtica de privacidad del servicio Gravatar est\u00e1 disponible aqu\u00ed: https:\/\/automattic.com\/privacy\/. Despu\u00e9s de la aprobaci\u00f3n de tu comentario, la imagen de tu perfil es visible para el p\u00fablico en el contexto de tu comentario.<\/p>\n<h5 id=\"1321\">&nbsp; &nbsp; &nbsp; &nbsp; &nbsp; &nbsp; &nbsp; De d\u00f3nde hemos sacado las fotograf\u00edas que ves en esta web<\/h5>\n<p>Muchas de ellas son nuestras, pero la mayor\u00eda est\u00e1n sacadas de bancos de im\u00e1genes gratuitos o de bancos de im\u00e1genes que requieren de atribuci\u00f3n. Aqu\u00ed os los ponemos todos:<\/p>\n<ul>\n<li><a href=\"https:\/\/www.freepik.es\/fotos\/comida\">Foto de Comida creado por cookie_studio \u2013 www.freepik.es<\/a><\/li>\n<li><a href=\"https:\/\/www.freepik.es\/fotos\/verano\">Foto de Verano creado por cookie_studio \u2013 www.freepik.es<\/a><\/li>\n<li><a href=\"https:\/\/www.freepik.es\/fotos\/viajes\">Foto de Viajes creado por freepik \u2013 www.freepik.es<\/a><\/li>\n<li><a href=\"https:\/\/www.freepik.es\/fotos\/perro\">Foto de Perro creado por cookie_studio \u2013 www.freepik.es<\/a><\/li>\n<li><a href=\"https:\/\/www.freepik.es\/fotos\/fondo\">Foto de Fondo creado por senivpetro \u2013 www.freepik.es<\/a><\/li>\n<li><a href=\"https:\/\/www.freepik.es\/fotos\/personas\">Foto de Personas creado por prostooleh \u2013 www.freepik.es<\/a><\/li>\n<li><a href=\"https:\/\/www.freepik.es\/fotos\/personas\">Foto de Personas creado por prostooleh \u2013 www.freepik.es<\/a><\/li>\n<\/ul>\n<h4 id=\"133\">&nbsp; &nbsp; &nbsp; &nbsp; &nbsp; &nbsp;Introducci\u00f3n de enlaces al Portal<\/h4>\n<p>El usuario de Internet que quiera introducir enlaces desde sus propias p\u00e1ginas web al Portal deber\u00e1 cumplir con las condiciones que se detallan a continuaci\u00f3n sin que el desconocimiento de las mismas evite las responsabilidades derivadas de la Ley:<\/p>\n<ul>\n<li>El enlace \u00fanicamente vincular\u00e1 con la home page o p\u00e1gina principal del Portal pero no podr\u00e1 reproducirla de ninguna forma (online links, copia de los textos, gr\u00e1ficos, etc).<\/li>\n<li>Quedar\u00e1 en todo caso prohibido, de acuerdo con la legislaci\u00f3n aplicable y vigente en cada momento, establecer frames o marcos de cualquier tipo que envuelvan al Portal o permitan la visualizaci\u00f3n de los Contenidos a trav\u00e9s de direcciones de Internet distintas a las del Portal y, en cualquier caso, cuando se visualicen conjuntamente con contenidos ajenos al Portal de forma que: (I) produzca, o pueda producir, error, confusi\u00f3n o enga\u00f1o en los usuarios sobre la verdadera procedencia del servicio o Contenidos; (II) suponga un acto de comparaci\u00f3n o imitaci\u00f3n desleal; (III) sirva para aprovechar la reputaci\u00f3n de la marca y prestigio de&nbsp;<strong>Asociaci\u00f3n de Casas Rurales de C\u00e1diz<\/strong>&nbsp;o (IV) de cualquier otra forma resulte prohibido por la legislaci\u00f3n vigente.<\/li>\n<li>No se realizar\u00e1n desde la p\u00e1gina que introduce el enlace ning\u00fan tipo de manifestaci\u00f3n falsa, inexacta o incorrecta sobre&nbsp;<strong>Asociaci\u00f3n de Casas Rurales de C\u00e1diz<\/strong>, sus socios, empleados, clientes o sobre la calidad de los servicios que presta.<\/li>\n<li>En ning\u00fan caso, se expresar\u00e1 en la p\u00e1gina donde se ubique el enlace que&nbsp;<strong>Asociaci\u00f3n de Casas Rurales de C\u00e1diz<\/strong>&nbsp;ha prestado su consentimiento para la inserci\u00f3n del enlace o que de otra forma patrocina, colabora, verifica o supervisa los servicios del remitente.<\/li>\n<li>Est\u00e1 prohibida la utilizaci\u00f3n de cualquier marca denominativa, gr\u00e1fica o mixta o cualquier otro signo distintivo de&nbsp;<strong>Asociaci\u00f3n de Casas Rurales de C\u00e1diz<\/strong>&nbsp;dentro de la p\u00e1gina del remitente salvo en los casos permitidos por la ley o expresamente autorizados por&nbsp;<strong>Asociaci\u00f3n de Casas Rurales de C\u00e1diz<\/strong>&nbsp;y siempre que se permita, en estos casos, un enlace directo con el Portal en la forma establecida en esta cl\u00e1usula.<\/li>\n<li>La p\u00e1gina que establezca el enlace deber\u00e1 cumplir fielmente con la ley y no podr\u00e1 en ning\u00fan caso disponer o enlazar con contenidos propios o de terceros que: (I) sean il\u00edcitos, nocivos o contrarios a la moral y a las buenas costumbres (pornogr\u00e1ficos, violentos, racistas, etc.); (II) induzcan o puedan inducir en el Usuario la falsa concepci\u00f3n de que&nbsp;<strong>Asociaci\u00f3n de Casas Rurales de C\u00e1diz&nbsp;<\/strong>suscribe, respalda, se adhiere o de cualquier manera apoya, las ideas, manifestaciones o expresiones, l\u00edcitas o il\u00edcitas, del remitente; (III) resulten inapropiados o no pertinentes con la actividad de&nbsp;<strong>Asociaci\u00f3n de Casas Rurales de C\u00e1diz<\/strong>&nbsp;en atenci\u00f3n al lugar, contenidos y tem\u00e1tica de la p\u00e1gina web del remitente.<\/li>\n<\/ul>\n<h3 id=\"14\">&nbsp; &nbsp; &nbsp; &nbsp; Exclusi\u00f3n de responsabilidad<\/h3>\n<h4 id=\"141\">&nbsp; &nbsp; &nbsp; &nbsp; &nbsp;De la Informaci\u00f3n<\/h4>\n<p><strong>Asociaci\u00f3n de Casas Rurales de C\u00e1diz<\/strong>&nbsp;no se responsabiliza de las decisiones tomadas a partir de la informaci\u00f3n suministrada en el Portal ni de los da\u00f1os y perjuicios producidos en el Usuario o terceros con motivo de actuaciones que tengan como \u00fanico fundamento la informaci\u00f3n obtenida en el Portal.<\/p>\n<h4 id=\"142\">&nbsp; &nbsp; &nbsp; &nbsp; &nbsp;De la calidad del servicio<\/h4>\n<p>El acceso al Portal no implica la obligaci\u00f3n por parte de&nbsp;<strong>Asociaci\u00f3n de Casas Rurales de C\u00e1diz<\/strong>&nbsp;de controlar la ausencia de virus, gusanos o cualquier otro elemento inform\u00e1tico da\u00f1ino.<\/p>\n<p>Corresponde al Usuario, en todo caso, la disponibilidad de herramientas adecuadas para la detecci\u00f3n y desinfecci\u00f3n de programas inform\u00e1ticos da\u00f1inos.<\/p>\n<p><strong>Asociaci\u00f3n de Casas Rurales de C\u00e1diz<\/strong>&nbsp;no se responsabiliza de los da\u00f1os producidos en los equipos inform\u00e1ticos de los Usuarios o de terceros durante la prestaci\u00f3n del servicio del Portal.<\/p>\n<h4 id=\"143\">&nbsp; &nbsp; &nbsp; &nbsp; De la disponibilidad del Servicio<\/h4>\n<p>El acceso al Portal requiere de servicios y suministros de terceros, incluidos el transporte a trav\u00e9s de redes de telecomunicaciones cuya fiabilidad, calidad, continuidad y funcionamiento no corresponde a&nbsp;<strong>Asociaci\u00f3n de Casas Rurales de C\u00e1diz<\/strong>&nbsp;Por consiguiente, los servicios prove\u00eddos a trav\u00e9s del Portal pueden ser suspendidos, cancelados o resultar inaccesibles, con car\u00e1cter previo o simult\u00e1neo a la prestaci\u00f3n del servicio del Portal.<\/p>\n<p><strong>Asociaci\u00f3n de Casas Rurales de C\u00e1diz<\/strong>&nbsp;no se responsabiliza de los da\u00f1os o perjuicios de cualquier tipo producidos en el Usuario que traigan causa de fallos o desconexiones en las redes de telecomunicaciones que produzcan la suspensi\u00f3n, cancelaci\u00f3n o interrupci\u00f3n del servicio del Portal durante la prestaci\u00f3n del mismo o con car\u00e1cter previo.<\/p>\n<h4 id=\"144\">&nbsp; &nbsp; &nbsp; &nbsp;De los contenidos y servicios enlazados a trav\u00e9s del Portal<\/h4>\n<p>El servicio de acceso al Portal incluye dispositivos t\u00e9cnicos de enlace, directorios e incluso instrumentos de b\u00fasqueda que permiten al Usuario acceder a otras p\u00e1ginas y portales de Internet (en adelante, \u2018Sitios Enlazados\u2019). En estos casos,&nbsp;<strong>Asociaci\u00f3n de Casas Rurales de C\u00e1diz<\/strong>&nbsp;act\u00faa como prestador de servicios de intermediaci\u00f3n de conformidad con el art\u00edculo 17 de la Ley 34\/2002, de 12 de julio, de Servicios de la Sociedad de la Informaci\u00f3n y el Comercio Electr\u00f3nico (LSSI) y s\u00f3lo ser\u00e1 responsable de los contenidos y servicios suministrados en los Sitios Enlazados en la medida en que tenga conocimiento efectivo de la ilicitud y no haya desactivado el enlace con la diligencia debida. En el supuesto de que el Usuario considere que existe un Sitio Enlazado con contenidos il\u00edcitos o inadecuados podr\u00e1 comunic\u00e1rselo a&nbsp;<strong>Asociaci\u00f3n de Casas Rurales de C\u00e1diz<\/strong>&nbsp;de acuerdo con el procedimiento y los efectos establecidos en la cl\u00e1usula 6, sin que en ning\u00fan caso esta comunicaci\u00f3n conlleve la obligaci\u00f3n de retirar el correspondiente enlace.<\/p>\n<p>En ning\u00fan caso, la existencia de Sitios Enlazados debe presuponer la existencia de acuerdos con los responsables o titulares de los mismos, ni la recomendaci\u00f3n, promoci\u00f3n o identificaci\u00f3n de&nbsp;<strong>Asociaci\u00f3n de Casas Rurales de C\u00e1diz<\/strong>&nbsp;con las manifestaciones, contenidos o servicios prove\u00eddos.<\/p>\n<p><strong>Asociaci\u00f3n de Casas Rurales de C\u00e1diz<\/strong>&nbsp;no conoce los contenidos y servicios de los Sitios Enlazados y por tanto no se hace responsable por los da\u00f1os producidos por la ilicitud, calidad, desactualizaci\u00f3n, indisponibilidad, error e inutilidad de los contenidos y\/o servicios de los Sitios Enlazados ni por cualquier otro da\u00f1o que no sea directamente imputable a&nbsp;<strong>Asociaci\u00f3n de Casas Rurales de C\u00e1diz<\/strong>.<\/p>\n<h3 id=\"15\">&nbsp; &nbsp; &nbsp; Protecci\u00f3n de datos.<\/h3>\n<p>Puede consultar nuestra pol\u00edtica de Protecci\u00f3n de Datos (enlazar) para conocer el uso que hacemos de sus datos personales.<\/p>\n<h3 id=\"16\">&nbsp; &nbsp; &nbsp; Comunicaci\u00f3n de actividades de car\u00e1cter il\u00edcito e inadecuado<\/h3>\n<p>En el caso de que el Usuario o cualquier otro usuario de Internet tuvieran conocimiento de que los Sitios Enlazados remiten a p\u00e1ginas cuyos contenidos o servicios son il\u00edcitos, nocivos, denigrantes, violentos o contrarios a la moral podr\u00e1 ponerse en contacto con&nbsp;<strong>Asociaci\u00f3n de Casas Rurales de C\u00e1diz<\/strong>&nbsp;indicando los siguientes extremos:<\/p>\n<ol type=\"1\">\n<li>Datos personales del comunicante: nombre, direcci\u00f3n, n\u00famero de tel\u00e9fono y direcci\u00f3n de correo electr\u00f3nico;<\/li>\n<li>Descripci\u00f3n de los hechos que revelan el car\u00e1cter il\u00edcito o inadecuado del Sitio Enlazado;<\/li>\n<li>En el supuesto de violaci\u00f3n de derechos, tales como propiedad intelectual e industrial, los datos personales del titular del derecho infringido cuando sea persona distinta del comunicante.<\/li>\n<li>Asimismo deber\u00e1 aportar el t\u00edtulo que acredite la legitimaci\u00f3n del titular de los derechos y, en su caso, el de representaci\u00f3n para actuar por cuenta del titular cuando sea persona distinta del comunicante;<\/li>\n<li>Declaraci\u00f3n expresa de que la informaci\u00f3n contenida en la reclamaci\u00f3n es exacta.<\/li>\n<\/ol>\n<p>La recepci\u00f3n por parte de&nbsp;<strong>Asociaci\u00f3n de Casas Rurales de C\u00e1diz<\/strong>&nbsp;de la comunicaci\u00f3n prevista en esta cl\u00e1usula no supondr\u00e1, seg\u00fan lo dispuesto en la LSSI, el conocimiento efectivo de las actividades y\/o contenidos indicados por el comunicante.<\/p>\n<p>Asimismo deber\u00e1 aportar el t\u00edtulo que acredite la legitimaci\u00f3n del titular de los derechos y, en su caso, el de representaci\u00f3n para actuar por cuenta del titular cuando sea persona distinta del comunicante.<\/p>\n<h3 id=\"17\">&nbsp; &nbsp; &nbsp; &nbsp;Notificaciones<\/h3>\n<p>Todas las notificaciones y comunicaciones realizadas por las partes ser\u00e1n v\u00e1lidas de conformidad con los medios admitidos en Derecho. Las relativas al presente Portal se considerar\u00e1n eficaces, a todos los efectos, si se realizan a trav\u00e9s del propio Portal.<\/p>\n<h3 id=\"18\">&nbsp; &nbsp; &nbsp; &nbsp;Modificaciones<\/h3>\n<p><strong>Asociaci\u00f3n de Casas Rurales de C\u00e1diz<\/strong>&nbsp;se reserva el derecho de efectuar sin previo aviso las modificaciones que considere oportunas en su web, pudiendo cambiar, suprimir o a\u00f1adir tanto los contenidos y servicios que se presten a trav\u00e9s de la misma como la forma en la que \u00e9stos aparezcan presentados.<\/p>\n<p>Por otro lado, los presentes t\u00e9rminos y condiciones podr\u00e1n cambiar en cualquier momento. Las modificaciones entrar\u00e1n en vigor desde el momento de su publicaci\u00f3n.<\/p>\n<h3 id=\"19\">&nbsp; &nbsp; &nbsp; &nbsp; Redes Sociales<\/h3>\n<p><strong>Asociaci\u00f3n de Casas Rurales de C\u00e1diz&nbsp;<\/strong>est\u00e1 presente en diversas redes sociales y plataformas, por lo tanto, cuando se accede a cualquiera de estas u otras redes, habr\u00e1 que tener en cuenta que las condiciones de uso aplicables son las que cada plataforma tiene establecidas, en las cuales,&nbsp;<strong>Asociaci\u00f3n de Casas Rurales de C\u00e1diz&nbsp;<\/strong>no interviene.<\/p>\n<h3 id=\"110\">&nbsp; &nbsp; &nbsp; &nbsp; Legislaci\u00f3n<\/h3>\n<p>El presente Aviso Legal se rige en todos y cada uno de sus extremos por la ley espa\u00f1ola Siempre y cuando la Ley aplicable permita la renuncia al fuero legal establecido, se designa como fuero para dirimir posibles disputas, los juzgados de C\u00e1diz, renunciando expresamente el usuario a cualquier otro fuero que pudiera corresponder.<\/p>\n<p><strong>Resoluci\u00f3n de litigios en l\u00ednea conforme al Art. 14.1 del Reglamento (UE) 524\/2013<\/strong>: La Comisi\u00f3n Europea facilita una plataforma de resoluci\u00f3n de litigios en l\u00ednea, la cual se encuentra disponible en el siguiente enlace:&nbsp;<a href=\"http:\/\/ec.europa.eu\/consumers\/odr\/\">http:\/\/ec.europa.eu\/consumers\/odr\/<\/a>.&nbsp;<\/p>\t\t\t\t\t\t\t\t<\/div>\n\t\t\t\t<\/div>\n\t\t\t\t\t<\/div>\n\t\t<\/div>\n\t\t\t\t\t<\/div>\n\t\t<\/section>\n\t\t\t\t<\/div>\n\t\t","protected":false},"excerpt":{"rendered":"<p>&nbsp;Informaci\u00f3n legal y aceptaci\u00f3n En cumplimiento del art\u00edculo&nbsp;10 de la Ley 34\/2002, de 11 de julio, de Servicios de la Sociedad de la Informaci\u00f3n y Comercio Electr\u00f3nico, a continuaci\u00f3n se exponen los datos identificativos de la empresa. El presente portal de internet se pone al servicio de los usuarios por la entidad, cuyos datos identificativos [&hellip;]<\/p>\n","protected":false},"author":3,"featured_media":0,"parent":0,"menu_order":0,"comment_status":"closed","ping_status":"open","template":"elementor_theme","meta":{"om_disable_all_campaigns":false,"_monsterinsights_skip_tracking":false,"_monsterinsights_sitenote_active":false,"_monsterinsights_sitenote_note":"","_monsterinsights_sitenote_category":0,"site-sidebar-layout":"default","site-content-layout":"default","ast-site-content-layout":"","site-content-style":"default","site-sidebar-style":"default","ast-global-header-display":"","ast-banner-title-visibility":"","ast-main-header-display":"disabled","ast-hfb-above-header-display":"","ast-hfb-below-header-display":"","ast-hfb-mobile-header-display":"","site-post-title":"","ast-breadcrumbs-content":"","ast-featured-img":"","footer-sml-layout":"","theme-transparent-header-meta":"default","adv-header-id-meta":"","stick-header-meta":"","header-above-stick-meta":"","header-main-stick-meta":"","header-below-stick-meta":"","astra-migrate-meta-layouts":"default","ast-page-background-enabled":"default","ast-page-background-meta":{"desktop":{"background-color":"","background-image":"","background-repeat":"repeat","background-position":"center center","background-size":"auto","background-attachment":"scroll","background-type":"","background-media":"","overlay-type":"","overlay-color":"","overlay-opacity":"","overlay-gradient":""},"tablet":{"background-color":"","background-image":"","background-repeat":"repeat","background-position":"center center","background-size":"auto","background-attachment":"scroll","background-type":"","background-media":"","overlay-type":"","overlay-color":"","overlay-opacity":"","overlay-gradient":""},"mobile":{"background-color":"","background-image":"","background-repeat":"repeat","background-position":"center center","background-size":"auto","background-attachment":"scroll","background-type":"","background-media":"","overlay-type":"","overlay-color":"","overlay-opacity":"","overlay-gradient":""}},"ast-content-background-meta":{"desktop":{"background-color":"var(--ast-global-color-5)","background-image":"","background-repeat":"repeat","background-position":"center center","background-size":"auto","background-attachment":"scroll","background-type":"","background-media":"","overlay-type":"","overlay-color":"","overlay-opacity":"","overlay-gradient":""},"tablet":{"background-color":"var(--ast-global-color-5)","background-image":"","background-repeat":"repeat","background-position":"center center","background-size":"auto","background-attachment":"scroll","background-type":"","background-media":"","overlay-type":"","overlay-color":"","overlay-opacity":"","overlay-gradient":""},"mobile":{"background-color":"var(--ast-global-color-5)","background-image":"","background-repeat":"repeat","background-position":"center center","background-size":"auto","background-attachment":"scroll","background-type":"","background-media":"","overlay-type":"","overlay-color":"","overlay-opacity":"","overlay-gradient":""}},"footnotes":""},"class_list":["post-1375","page","type-page","status-publish","hentry"],"_hostinger_reach_plugin_has_subscription_block":false,"_hostinger_reach_plugin_is_elementor":false,"_links":{"self":[{"href":"https:\/\/casaselsuspiro.com\/index.php?rest_route=\/wp\/v2\/pages\/1375","targetHints":{"allow":["GET"]}}],"collection":[{"href":"https:\/\/casaselsuspiro.com\/index.php?rest_route=\/wp\/v2\/pages"}],"about":[{"href":"https:\/\/casaselsuspiro.com\/index.php?rest_route=\/wp\/v2\/types\/page"}],"author":[{"embeddable":true,"href":"https:\/\/casaselsuspiro.com\/index.php?rest_route=\/wp\/v2\/users\/3"}],"replies":[{"embeddable":true,"href":"https:\/\/casaselsuspiro.com\/index.php?rest_route=%2Fwp%2Fv2%2Fcomments&post=1375"}],"version-history":[{"count":8,"href":"https:\/\/casaselsuspiro.com\/index.php?rest_route=\/wp\/v2\/pages\/1375\/revisions"}],"predecessor-version":[{"id":1402,"href":"https:\/\/casaselsuspiro.com\/index.php?rest_route=\/wp\/v2\/pages\/1375\/revisions\/1402"}],"wp:attachment":[{"href":"https:\/\/casaselsuspiro.com\/index.php?rest_route=%2Fwp%2Fv2%2Fmedia&parent=1375"}],"curies":[{"name":"wp","href":"https:\/\/api.w.org\/{rel}","templated":true}]}}